{"id":1376,"date":"2023-02-26T17:47:46","date_gmt":"2023-02-26T16:47:46","guid":{"rendered":"https:\/\/kalbet.eu\/?page_id=1376"},"modified":"2023-03-01T21:42:24","modified_gmt":"2023-03-01T20:42:24","slug":"plyty-podmurowka","status":"publish","type":"page","link":"https:\/\/kalbet.eu\/index.php\/plyty-podmurowka\/","title":{"rendered":"P\u0142yty &#8211; podmur\u00f3wka"},"content":{"rendered":"\t\t<div data-elementor-type=\"wp-page\" data-elementor-id=\"1376\" class=\"elementor elementor-1376\">\n\t\t\t\t\t\t<section class=\"elementor-section elementor-top-section elementor-element elementor-element-7f8f3e77 elementor-section-height-min-height elementor-section-content-middle elementor-section-boxed elementor-section-height-default elementor-section-items-middle\" data-id=\"7f8f3e77\" data-element_type=\"section\" data-e-type=\"section\" data-settings=\"{&quot;background_background&quot;:&quot;classic&quot;}\">\n\t\t\t\t\t\t\t<div class=\"elementor-background-overlay\"><\/div>\n\t\t\t\t\t\t\t<div class=\"elementor-container elementor-column-gap-no\">\n\t\t\t\t\t<div class=\"elementor-column elementor-col-100 elementor-top-column elementor-element elementor-element-539585dc\" data-id=\"539585dc\" data-element_type=\"column\" data-e-type=\"column\">\n\t\t\t<div class=\"elementor-widget-wrap elementor-element-populated\">\n\t\t\t\t\t\t<div class=\"elementor-element elementor-element-217cbe82 elementor-widget__width-initial elementor-widget elementor-widget-heading\" data-id=\"217cbe82\" data-element_type=\"widget\" data-e-type=\"widget\" data-widget_type=\"heading.default\">\n\t\t\t\t<div class=\"elementor-widget-container\">\n\t\t\t\t\t<h1 class=\"elementor-heading-title elementor-size-default\">P\u0142yty - podmur\u00f3wka<\/h1>\t\t\t\t<\/div>\n\t\t\t\t<\/div>\n\t\t\t\t\t<\/div>\n\t\t<\/div>\n\t\t\t\t\t<\/div>\n\t\t<\/section>\n\t\t\t\t<section class=\"elementor-section elementor-top-section elementor-element elementor-element-3fa1d32 elementor-section-boxed elementor-section-height-default elementor-section-height-default\" data-id=\"3fa1d32\" data-element_type=\"section\" data-e-type=\"section\">\n\t\t\t\t\t\t<div class=\"elementor-container elementor-column-gap-default\">\n\t\t\t\t\t<div class=\"elementor-column elementor-col-100 elementor-top-column elementor-element elementor-element-42c27ee\" data-id=\"42c27ee\" data-element_type=\"column\" data-e-type=\"column\">\n\t\t\t<div class=\"elementor-widget-wrap elementor-element-populated\">\n\t\t\t\t\t\t<div class=\"elementor-element elementor-element-92134cd elementor-widget elementor-widget-text-editor\" data-id=\"92134cd\" data-element_type=\"widget\" data-e-type=\"widget\" data-widget_type=\"text-editor.default\">\n\t\t\t\t<div class=\"elementor-widget-container\">\n\t\t\t\t\t\t\t\t\t<p>Podmur\u00f3wki z p\u0142yty betonowej s\u0105 cz\u0119sto wykorzystywane jako podstawa dla s\u0142up\u00f3w ogrodzeniowych. Wtedy p\u0142yty betonowe s\u0105 umieszczane w ziemi na g\u0142\u0119boko\u015bci wystarczaj\u0105cej do uzyskania stabilnego oparcia dla s\u0142up\u00f3w, co zapewnia trwa\u0142o\u015b\u0107 i stabilno\u015b\u0107 ca\u0142ej konstrukcji ogrodzenia.<\/p><p>Podmur\u00f3wka z p\u0142yty betonowej posiada wiele zalet, takich jak trwa\u0142o\u015b\u0107, wytrzyma\u0142o\u015b\u0107 i odporno\u015b\u0107 na warunki atmosferyczne. Jest r\u00f3wnie\u017c \u0142atwa w monta\u017cu i zapewnia stabilne osadzenie fundament\u00f3w.<\/p>\t\t\t\t\t\t\t\t<\/div>\n\t\t\t\t<\/div>\n\t\t\t\t<div class=\"elementor-element elementor-element-fd0d49f elementor-widget__width-initial elementor-absolute elementor-widget elementor-widget-image\" data-id=\"fd0d49f\" data-element_type=\"widget\" data-e-type=\"widget\" data-settings=\"{&quot;_position&quot;:&quot;absolute&quot;}\" data-widget_type=\"image.default\">\n\t\t\t\t<div class=\"elementor-widget-container\">\n\t\t\t\t\t\t\t\t\t\t\t\t\t\t\t<img decoding=\"async\" width=\"134\" height=\"136\" src=\"https:\/\/kalbet.eu\/wp-content\/uploads\/2023\/01\/kw1.png\" class=\"attachment-large size-large wp-image-843\" alt=\"\" \/>\t\t\t\t\t\t\t\t\t\t\t\t\t\t\t<\/div>\n\t\t\t\t<\/div>\n\t\t\t\t<div class=\"elementor-element elementor-element-4b45870 elementor-widget__width-initial elementor-absolute elementor-widget elementor-widget-image\" data-id=\"4b45870\" data-element_type=\"widget\" data-e-type=\"widget\" data-settings=\"{&quot;_position&quot;:&quot;absolute&quot;}\" data-widget_type=\"image.default\">\n\t\t\t\t<div class=\"elementor-widget-container\">\n\t\t\t\t\t\t\t\t\t\t\t\t\t\t\t<img decoding=\"async\" width=\"161\" height=\"157\" src=\"https:\/\/kalbet.eu\/wp-content\/uploads\/2023\/01\/kw3.png\" class=\"attachment-large size-large wp-image-1112\" alt=\"kw3\" \/>\t\t\t\t\t\t\t\t\t\t\t\t\t\t\t<\/div>\n\t\t\t\t<\/div>\n\t\t\t\t\t<\/div>\n\t\t<\/div>\n\t\t\t\t\t<\/div>\n\t\t<\/section>\n\t\t\t\t<section class=\"elementor-section elementor-top-section elementor-element elementor-element-ffe4a65 elementor-section-boxed elementor-section-height-default elementor-section-height-default\" data-id=\"ffe4a65\" data-element_type=\"section\" data-e-type=\"section\" data-settings=\"{&quot;background_background&quot;:&quot;classic&quot;}\">\n\t\t\t\t\t\t<div class=\"elementor-container elementor-column-gap-default\">\n\t\t\t\t\t<div class=\"elementor-column elementor-col-50 elementor-top-column elementor-element elementor-element-9249c6c\" data-id=\"9249c6c\" data-element_type=\"column\" data-e-type=\"column\">\n\t\t\t<div class=\"elementor-widget-wrap elementor-element-populated\">\n\t\t\t\t\t\t<div class=\"elementor-element elementor-element-339deda elementor-widget elementor-widget-image\" data-id=\"339deda\" data-element_type=\"widget\" data-e-type=\"widget\" data-widget_type=\"image.default\">\n\t\t\t\t<div class=\"elementor-widget-container\">\n\t\t\t\t\t\t\t\t\t\t\t\t\t\t\t<img fetchpriority=\"high\" decoding=\"async\" width=\"1280\" height=\"651\" src=\"https:\/\/kalbet.eu\/wp-content\/uploads\/2023\/03\/20230225_090456.jpg\" class=\"attachment-full size-full wp-image-1397\" alt=\"\" srcset=\"https:\/\/kalbet.eu\/wp-content\/uploads\/2023\/03\/20230225_090456.jpg 1280w, https:\/\/kalbet.eu\/wp-content\/uploads\/2023\/03\/20230225_090456-300x153.jpg 300w, https:\/\/kalbet.eu\/wp-content\/uploads\/2023\/03\/20230225_090456-1024x521.jpg 1024w, https:\/\/kalbet.eu\/wp-content\/uploads\/2023\/03\/20230225_090456-768x391.jpg 768w\" sizes=\"(max-width: 1280px) 100vw, 1280px\" \/>\t\t\t\t\t\t\t\t\t\t\t\t\t\t\t<\/div>\n\t\t\t\t<\/div>\n\t\t\t\t\t<\/div>\n\t\t<\/div>\n\t\t\t\t<div class=\"elementor-column elementor-col-50 elementor-top-column elementor-element elementor-element-8276a48\" data-id=\"8276a48\" data-element_type=\"column\" data-e-type=\"column\">\n\t\t\t<div class=\"elementor-widget-wrap elementor-element-populated\">\n\t\t\t\t\t\t<div class=\"elementor-element elementor-element-de6a7c1 elementor-widget elementor-widget-text-editor\" data-id=\"de6a7c1\" data-element_type=\"widget\" data-e-type=\"widget\" data-widget_type=\"text-editor.default\">\n\t\t\t\t<div class=\"elementor-widget-container\">\n\t\t\t\t\t\t\t\t\t<strong>Dost\u0119pne wzory w naszej ofercie<\/strong>\n<ol>\n<li>P\u0142yta 30x250x5 wz\u00f3r cegie\u0142ka<\/li>\n<li>P\u0142yta 25x250x5 wz\u00f3r trzy przet\u0142oczenia<\/li>\n<li>P\u0142yta 25x250x5 wz\u00f3r piaskowiec<\/li>\n<li>P\u0142yta 20x250x4 \u00a0g\u0142adka-ramka<\/li>\n<li>P\u0142yta 20x250x4 g\u0142adka<\/li>\n\n\n<\/ol>\t\t\t\t\t\t\t\t<\/div>\n\t\t\t\t<\/div>\n\t\t\t\t\t<\/div>\n\t\t<\/div>\n\t\t\t\t\t<\/div>\n\t\t<\/section>\n\t\t\t\t<section class=\"elementor-section elementor-top-section elementor-element elementor-element-c1e30d7 elementor-section-boxed elementor-section-height-default elementor-section-height-default\" data-id=\"c1e30d7\" data-element_type=\"section\" data-e-type=\"section\">\n\t\t\t\t\t\t<div class=\"elementor-container elementor-column-gap-default\">\n\t\t\t\t\t<div class=\"elementor-column elementor-col-50 elementor-top-column elementor-element elementor-element-b8eb637\" data-id=\"b8eb637\" data-element_type=\"column\" data-e-type=\"column\">\n\t\t\t<div class=\"elementor-widget-wrap elementor-element-populated\">\n\t\t\t\t\t\t<div class=\"elementor-element elementor-element-ddacbe2 elementor-widget elementor-widget-image\" data-id=\"ddacbe2\" data-element_type=\"widget\" data-e-type=\"widget\" data-widget_type=\"image.default\">\n\t\t\t\t<div class=\"elementor-widget-container\">\n\t\t\t\t\t\t\t\t\t\t\t\t\t\t\t<img loading=\"lazy\" decoding=\"async\" width=\"1280\" height=\"270\" src=\"https:\/\/kalbet.eu\/wp-content\/uploads\/2023\/03\/20230224_121819.jpg\" class=\"attachment-full size-full wp-image-1396\" alt=\"\" srcset=\"https:\/\/kalbet.eu\/wp-content\/uploads\/2023\/03\/20230224_121819.jpg 1280w, https:\/\/kalbet.eu\/wp-content\/uploads\/2023\/03\/20230224_121819-300x63.jpg 300w, https:\/\/kalbet.eu\/wp-content\/uploads\/2023\/03\/20230224_121819-1024x216.jpg 1024w, https:\/\/kalbet.eu\/wp-content\/uploads\/2023\/03\/20230224_121819-768x162.jpg 768w\" sizes=\"(max-width: 1280px) 100vw, 1280px\" \/>\t\t\t\t\t\t\t\t\t\t\t\t\t\t\t<\/div>\n\t\t\t\t<\/div>\n\t\t\t\t<div class=\"elementor-element elementor-element-6f0322d elementor-widget elementor-widget-heading\" data-id=\"6f0322d\" data-element_type=\"widget\" data-e-type=\"widget\" data-widget_type=\"heading.default\">\n\t\t\t\t<div class=\"elementor-widget-container\">\n\t\t\t\t\t<h3 class=\"elementor-heading-title elementor-size-default\">Podmur\u00f3wka systemowa h-25 cm, na \u0142\u0105cznik betonowy,  wz\u00f3r piaskowiec\n<\/h3>\t\t\t\t<\/div>\n\t\t\t\t<\/div>\n\t\t\t\t\t<\/div>\n\t\t<\/div>\n\t\t\t\t<div class=\"elementor-column elementor-col-50 elementor-top-column elementor-element elementor-element-43d92cc\" data-id=\"43d92cc\" data-element_type=\"column\" data-e-type=\"column\">\n\t\t\t<div class=\"elementor-widget-wrap elementor-element-populated\">\n\t\t\t\t\t\t<div class=\"elementor-element elementor-element-f0bf9d4 elementor-widget elementor-widget-image\" data-id=\"f0bf9d4\" data-element_type=\"widget\" data-e-type=\"widget\" data-widget_type=\"image.default\">\n\t\t\t\t<div class=\"elementor-widget-container\">\n\t\t\t\t\t\t\t\t\t\t\t\t\t\t\t<img loading=\"lazy\" decoding=\"async\" width=\"1280\" height=\"450\" src=\"https:\/\/kalbet.eu\/wp-content\/uploads\/2023\/03\/20230224_122056.jpg\" class=\"attachment-full size-full wp-image-1395\" alt=\"\" srcset=\"https:\/\/kalbet.eu\/wp-content\/uploads\/2023\/03\/20230224_122056.jpg 1280w, https:\/\/kalbet.eu\/wp-content\/uploads\/2023\/03\/20230224_122056-300x105.jpg 300w, https:\/\/kalbet.eu\/wp-content\/uploads\/2023\/03\/20230224_122056-1024x360.jpg 1024w, https:\/\/kalbet.eu\/wp-content\/uploads\/2023\/03\/20230224_122056-768x270.jpg 768w\" sizes=\"(max-width: 1280px) 100vw, 1280px\" \/>\t\t\t\t\t\t\t\t\t\t\t\t\t\t\t<\/div>\n\t\t\t\t<\/div>\n\t\t\t\t<div class=\"elementor-element elementor-element-e7e76ca elementor-widget elementor-widget-heading\" data-id=\"e7e76ca\" data-element_type=\"widget\" data-e-type=\"widget\" data-widget_type=\"heading.default\">\n\t\t\t\t<div class=\"elementor-widget-container\">\n\t\t\t\t\t<h3 class=\"elementor-heading-title elementor-size-default\">Podmur\u00f3wka systemowa h-20 cm, na \u0142\u0105cznik betonowy, g\u0142adka\n<\/h3>\t\t\t\t<\/div>\n\t\t\t\t<\/div>\n\t\t\t\t\t<\/div>\n\t\t<\/div>\n\t\t\t\t\t<\/div>\n\t\t<\/section>\n\t\t\t\t<\/div>\n\t\t","protected":false},"excerpt":{"rendered":"<p>P\u0142yty &#8211; podmur\u00f3wka Podmur\u00f3wki z p\u0142yty betonowej s\u0105 cz\u0119sto wykorzystywane jako podstawa dla s\u0142up\u00f3w ogrodzeniowych. Wtedy p\u0142yty betonowe s\u0105 umieszczane w ziemi na g\u0142\u0119boko\u015bci wystarczaj\u0105cej do uzyskania stabilnego oparcia dla s\u0142up\u00f3w, co zapewnia trwa\u0142o\u015b\u0107 i stabilno\u015b\u0107 ca\u0142ej konstrukcji ogrodzenia. Podmur\u00f3wka z p\u0142yty betonowej posiada wiele zalet, takich jak trwa\u0142o\u015b\u0107, wytrzyma\u0142o\u015b\u0107 i odporno\u015b\u0107 na warunki atmosferyczne. [&hellip;]<\/p>\n","protected":false},"author":1,"featured_media":0,"parent":0,"menu_order":0,"comment_status":"closed","ping_status":"closed","template":"","meta":{"site-sidebar-layout":"no-sidebar","site-content-layout":"page-builder","ast-site-content-layout":"default","site-content-style":"default","site-sidebar-style":"default","ast-global-header-display":"","ast-banner-title-visibility":"","ast-main-header-display":"","ast-hfb-above-header-display":"","ast-hfb-below-header-display":"","ast-hfb-mobile-header-display":"","site-post-title":"disabled","ast-breadcrumbs-content":"","ast-featured-img":"disabled","footer-sml-layout":"","ast-disable-related-posts":"","theme-transparent-header-meta":"","adv-header-id-meta":"","stick-header-meta":"","header-above-stick-meta":"","header-main-stick-meta":"","header-below-stick-meta":"","astra-migrate-meta-layouts":"default","ast-page-background-enabled":"default","ast-page-background-meta":{"desktop":{"background-color":"","background-image":"","background-repeat":"repeat","background-position":"center center","background-size":"auto","background-attachment":"scroll","background-type":"","background-media":"","overlay-type":"","overlay-color":"","overlay-opacity":"","overlay-gradient":""},"tablet":{"background-color":"","background-image":"","background-repeat":"repeat","background-position":"center center","background-size":"auto","background-attachment":"scroll","background-type":"","background-media":"","overlay-type":"","overlay-color":"","overlay-opacity":"","overlay-gradient":""},"mobile":{"background-color":"","background-image":"","background-repeat":"repeat","background-position":"center center","background-size":"auto","background-attachment":"scroll","background-type":"","background-media":"","overlay-type":"","overlay-color":"","overlay-opacity":"","overlay-gradient":""}},"ast-content-background-meta":{"desktop":{"background-color":"var(--ast-global-color-5)","background-image":"","background-repeat":"repeat","background-position":"center center","background-size":"auto","background-attachment":"scroll","background-type":"","background-media":"","overlay-type":"","overlay-color":"","overlay-opacity":"","overlay-gradient":""},"tablet":{"background-color":"var(--ast-global-color-5)","background-image":"","background-repeat":"repeat","background-position":"center center","background-size":"auto","background-attachment":"scroll","background-type":"","background-media":"","overlay-type":"","overlay-color":"","overlay-opacity":"","overlay-gradient":""},"mobile":{"background-color":"var(--ast-global-color-5)","background-image":"","background-repeat":"repeat","background-position":"center center","background-size":"auto","background-attachment":"scroll","background-type":"","background-media":"","overlay-type":"","overlay-color":"","overlay-opacity":"","overlay-gradient":""}},"footnotes":""},"class_list":["post-1376","page","type-page","status-publish","hentry"],"_links":{"self":[{"href":"https:\/\/kalbet.eu\/index.php\/wp-json\/wp\/v2\/pages\/1376","targetHints":{"allow":["GET"]}}],"collection":[{"href":"https:\/\/kalbet.eu\/index.php\/wp-json\/wp\/v2\/pages"}],"about":[{"href":"https:\/\/kalbet.eu\/index.php\/wp-json\/wp\/v2\/types\/page"}],"author":[{"embeddable":true,"href":"https:\/\/kalbet.eu\/index.php\/wp-json\/wp\/v2\/users\/1"}],"replies":[{"embeddable":true,"href":"https:\/\/kalbet.eu\/index.php\/wp-json\/wp\/v2\/comments?post=1376"}],"version-history":[{"count":0,"href":"https:\/\/kalbet.eu\/index.php\/wp-json\/wp\/v2\/pages\/1376\/revisions"}],"wp:attachment":[{"href":"https:\/\/kalbet.eu\/index.php\/wp-json\/wp\/v2\/media?parent=1376"}],"curies":[{"name":"wp","href":"https:\/\/api.w.org\/{rel}","templated":true}]}}